{"id":8869,"date":"2024-12-19T17:15:06","date_gmt":"2024-12-19T16:15:06","guid":{"rendered":"https:\/\/oavs.ch\/?page_id=8869"},"modified":"2025-04-22T15:54:30","modified_gmt":"2025-04-22T13:54:30","slug":"offre-demploi","status":"publish","type":"page","link":"https:\/\/oavs.ch\/de\/offre-demploi\/","title":{"rendered":"Stellenangebot"},"content":{"rendered":"<p>[et_pb_section fb_built=\u00a0\u00bb1&Prime; _builder_version=\u00a0\u00bb4.24.2&Prime; use_background_color_gradient=\u00a0\u00bbon\u00a0\u00bb background_color_gradient_direction=\u00a0\u00bb90deg\u00a0\u00bb background_color_gradient_stops=\u00a0\u00bbrgba(175,175,175,0.13) 20%|#000000 82%\u00a0\u00bb background_color_gradient_overlays_image=\u00a0\u00bbon\u00a0\u00bb background_color_gradient_start=\u00a0\u00bbrgba(0,0,0,0.6)\u00a0\u00bb background_color_gradient_end=\u00a0\u00bbrgba(0,0,0,0.6)\u00a0\u00bb background_image=\u00a0\u00bbhttps:\/\/oavs.ch\/wp-content\/uploads\/2024\/02\/oavs-bnr-avocat-scaled.jpg\u00a0\u00bb background_position=\u00a0\u00bbtop_right\u00a0\u00bb background_vertical_offset=\u00a0\u00bb25%\u00a0\u00bb custom_padding=\u00a0\u00bb0px||0px||true|false\u00a0\u00bb global_colors_info=\u00a0\u00bb{}\u00a0\u00bb][et_pb_row _builder_version=\u00a0\u00bb4.16&Prime; custom_padding=\u00a0\u00bb75px||75px||true|false\u00a0\u00bb animation_style=\u00a0\u00bbslide\u00a0\u00bb animation_direction=\u00a0\u00bbbottom\u00a0\u00bb animation_duration=\u00a0\u00bb2000ms\u00a0\u00bb animation_intensity_slide=\u00a0\u00bb8%\u00a0\u00bb global_colors_info=\u00a0\u00bb{}\u00a0\u00bb][et_pb_column type=\u00a0\u00bb4_4&Prime; _builder_version=\u00a0\u00bb4.16&Prime; animation_direction=\u00a0\u00bbleft\u00a0\u00bb global_colors_info=\u00a0\u00bb{}\u00a0\u00bb][et_pb_text _builder_version=\u00a0\u00bb4.20.2&Prime; text_font=\u00a0\u00bb|700||on|||||\u00a0\u00bb text_text_color=\u00a0\u00bb#06315B\u00a0\u00bb text_font_size=\u00a0\u00bb12px\u00a0\u00bb text_letter_spacing=\u00a0\u00bb4px\u00a0\u00bb background_color=\u00a0\u00bb#b2b2b2&Prime; custom_margin=\u00a0\u00bb|auto|0px|auto|false|false\u00a0\u00bb custom_padding=\u00a0\u00bb3px|15px|1px|15px|false|true\u00a0\u00bb text_orientation_tablet=\u00a0\u00bb\u00a0\u00bb text_orientation_phone=\u00a0\u00bbcenter\u00a0\u00bb text_orientation_last_edited=\u00a0\u00bbon|phone\u00a0\u00bb custom_css_main_element=\u00a0\u00bbwidth: fit-content;\u00a0\u00bb global_colors_info=\u00a0\u00bb{}\u00a0\u00bb]<\/p>\n<p>ordre des avocats valaisans<\/p>\n<p>[\/et_pb_text][et_pb_text _builder_version=\u00a0\u00bb4.27.4&Prime; header_font=\u00a0\u00bb|700|||||||\u00a0\u00bb header_text_align=\u00a0\u00bbcenter\u00a0\u00bb header_text_color=\u00a0\u00bb#FFFFFF\u00a0\u00bb header_font_size=\u00a0\u00bb60px\u00a0\u00bb global_colors_info=\u00a0\u00bb{}\u00a0\u00bb]<\/p>\n<h1>Offres d&#8217;emploi et de stages<\/h1>\n<p>[\/et_pb_text][\/et_pb_column][\/et_pb_row][\/et_pb_section][et_pb_section fb_built=\u00a0\u00bb1&Prime; module_id=\u00a0\u00bbdeontologie\u00a0\u00bb _builder_version=\u00a0\u00bb4.24.2&Prime; custom_padding=\u00a0\u00bb0px||0px||false|false\u00a0\u00bb locked=\u00a0\u00bboff\u00a0\u00bb global_colors_info=\u00a0\u00bb{}\u00a0\u00bb][et_pb_row column_structure=\u00a0\u00bb1_3,2_3&Prime; make_equal=\u00a0\u00bbon\u00a0\u00bb custom_padding_last_edited=\u00a0\u00bbon|phone\u00a0\u00bb _builder_version=\u00a0\u00bb4.27.4&Prime; custom_padding=\u00a0\u00bb75px||75px||false|false\u00a0\u00bb custom_padding_tablet=\u00a0\u00bb\u00a0\u00bb custom_padding_phone=\u00a0\u00bb||75px||false|false\u00a0\u00bb border_width_bottom=\u00a0\u00bb1px\u00a0\u00bb border_color_bottom=\u00a0\u00bb#06315B\u00a0\u00bb global_colors_info=\u00a0\u00bb{}\u00a0\u00bb][et_pb_column type=\u00a0\u00bb1_3&Prime; _builder_version=\u00a0\u00bb4.27.4&Prime; background_enable_image=\u00a0\u00bboff\u00a0\u00bb global_colors_info=\u00a0\u00bb{}\u00a0\u00bb][et_pb_text _builder_version=\u00a0\u00bb4.27.4&Prime; header_2_font_size=\u00a0\u00bb48px\u00a0\u00bb hover_enabled=\u00a0\u00bb0&Prime; global_colors_info=\u00a0\u00bb{}\u00a0\u00bb sticky_enabled=\u00a0\u00bb0&Prime;]<\/p>\n<h2>Juriste<\/h2>\n<p><span style=\"text-decoration: underline;\">Unia<\/span><\/p>\n<p>publi\u00e9 en avril 2025<\/p>\n<p>[\/et_pb_text][\/et_pb_column][et_pb_column type=\u00a0\u00bb2_3&Prime; _builder_version=\u00a0\u00bb4.16&Prime; global_colors_info=\u00a0\u00bb{}\u00a0\u00bb][et_pb_image src=\u00a0\u00bbhttp:\/\/oavs.ch\/wp-content\/uploads\/2025\/04\/Jurist-in_100__F.jpg\u00a0\u00bb _builder_version=\u00a0\u00bb4.27.4&Prime; _module_preset=\u00a0\u00bbdefault\u00a0\u00bb theme_builder_area=\u00a0\u00bbpost_content\u00a0\u00bb hover_enabled=\u00a0\u00bb0&Prime; sticky_enabled=\u00a0\u00bb0&Prime; border_width_all=\u00a0\u00bb1px\u00a0\u00bb][\/et_pb_image][\/et_pb_column][\/et_pb_row][et_pb_row column_structure=\u00a0\u00bb1_3,2_3&Prime; make_equal=\u00a0\u00bbon\u00a0\u00bb custom_padding_last_edited=\u00a0\u00bbon|phone\u00a0\u00bb _builder_version=\u00a0\u00bb4.27.4&Prime; custom_padding=\u00a0\u00bb75px||75px||false|false\u00a0\u00bb custom_padding_tablet=\u00a0\u00bb\u00a0\u00bb custom_padding_phone=\u00a0\u00bb||75px||false|false\u00a0\u00bb border_width_bottom=\u00a0\u00bb1px\u00a0\u00bb border_color_bottom=\u00a0\u00bb#06315B\u00a0\u00bb global_colors_info=\u00a0\u00bb{}\u00a0\u00bb][et_pb_column type=\u00a0\u00bb1_3&Prime; _builder_version=\u00a0\u00bb4.27.4&Prime; background_enable_image=\u00a0\u00bboff\u00a0\u00bb global_colors_info=\u00a0\u00bb{}\u00a0\u00bb][et_pb_text _builder_version=\u00a0\u00bb4.27.4&Prime; header_2_font_size=\u00a0\u00bb48px\u00a0\u00bb global_colors_info=\u00a0\u00bb{}\u00a0\u00bb]<\/p>\n<h2>Greffier<\/h2>\n<p>Commune &#8211; Grimisuat<\/p>\n<p>publi\u00e9 le 19.12.2024<\/p>\n<p>[\/et_pb_text][\/et_pb_column][et_pb_column type=\u00a0\u00bb2_3&Prime; _builder_version=\u00a0\u00bb4.16&Prime; global_colors_info=\u00a0\u00bb{}\u00a0\u00bb][et_pb_text _builder_version=\u00a0\u00bb4.27.4&Prime; link_font=\u00a0\u00bb||||on|||#06315B|\u00a0\u00bb link_text_color=\u00a0\u00bb#06315B\u00a0\u00bb custom_margin=\u00a0\u00bb20px||20px||false|false\u00a0\u00bb global_colors_info=\u00a0\u00bb{}\u00a0\u00bb]<\/p>\n<p><span> Le Juge de Commune de Grimisuat recherche un greffier juriste pour les 4 prochaines ann\u00e9es. <\/span><\/p>\n<p>Les personnes int\u00e9ress\u00e9es peuvent prendre contact avec Pierre Luyet <a href=\"mailto:pluyet@bluewin.ch\"> pluyet@bluewin.ch<\/a><\/p>\n<p>[\/et_pb_text][\/et_pb_column][\/et_pb_row][et_pb_row column_structure=\u00a0\u00bb1_3,2_3&Prime; make_equal=\u00a0\u00bbon\u00a0\u00bb custom_padding_last_edited=\u00a0\u00bbon|phone\u00a0\u00bb _builder_version=\u00a0\u00bb4.27.4&Prime; custom_padding=\u00a0\u00bb75px||75px||false|false\u00a0\u00bb custom_padding_tablet=\u00a0\u00bb\u00a0\u00bb custom_padding_phone=\u00a0\u00bb||75px||false|false\u00a0\u00bb border_width_bottom=\u00a0\u00bb1px\u00a0\u00bb border_color_bottom=\u00a0\u00bb#06315B\u00a0\u00bb global_colors_info=\u00a0\u00bb{}\u00a0\u00bb][et_pb_column type=\u00a0\u00bb1_3&Prime; _builder_version=\u00a0\u00bb4.27.4&Prime; background_enable_image=\u00a0\u00bboff\u00a0\u00bb global_colors_info=\u00a0\u00bb{}\u00a0\u00bb][et_pb_text _builder_version=\u00a0\u00bb4.27.4&Prime; header_2_font_size=\u00a0\u00bb48px\u00a0\u00bb global_colors_info=\u00a0\u00bb{}\u00a0\u00bb]<\/p>\n<h2>Place d&rsquo;associ\u00e9(e)<\/h2>\n<p>IPSOfacto avocats associ\u00e9s &#8211; Vevey<\/p>\n<p>publi\u00e9 le 19.12.2024<\/p>\n<p>[\/et_pb_text][\/et_pb_column][et_pb_column type=\u00a0\u00bb2_3&Prime; _builder_version=\u00a0\u00bb4.16&Prime; global_colors_info=\u00a0\u00bb{}\u00a0\u00bb][et_pb_text _builder_version=\u00a0\u00bb4.27.4&Prime; link_font=\u00a0\u00bb||||on|||#06315B|\u00a0\u00bb link_text_color=\u00a0\u00bb#06315B\u00a0\u00bb custom_margin=\u00a0\u00bb20px||20px||false|false\u00a0\u00bb global_colors_info=\u00a0\u00bb{}\u00a0\u00bb]<\/p>\n<p>Ch\u00e8re Cons\u0153ur, Cher Confr\u00e8re,<\/p>\n<p>En vue de la future baisse d\u2019activit\u00e9 de notre associ\u00e9e, nous sommes \u00e0 la recherche d\u2019un.e nouvel.le associ\u00e9.e.<\/p>\n<p>Nos locaux situ\u00e9s \u00e0 deux pas de la Place du march\u00e9, de la gare \u00e0 Vevey, du Minist\u00e8re public, de la Justice de Paix et du Tribunal d\u2019arrondissement, sont lumineux avec une magnifique vue sur le lac.<\/p>\n<p>Sont \u00e9galement \u00e0 disposition un, voire deux postes de secr\u00e9tariat, une salle d\u2019attente, une salle de conf\u00e9rence\/biblioth\u00e8que, et une cuisine \u00e9quip\u00e9e.<\/p>\n<p>La place d\u2019associ\u00e9.e comprend la possibilit\u00e9 de reprendre des mandats principalement en droit du bail, droit de la famille et droit p\u00e9nal, ainsi que le mobilier et l\u2019am\u00e9nagement complet d\u2019un bureau, selon conditions \u00e0 discuter.<\/p>\n<p>Rejoignez une \u00e9quipe soud\u00e9e dans un environnement d\u00e9tendu. La place est id\u00e9ale pour un.e avocat.e qui souhaite d\u00e9buter une activit\u00e9 d\u2019ind\u00e9pendant.e en qualit\u00e9 d\u2019associ\u00e9e. Que vous soyez un jeune brevet\u00e9.e ou d\u00e9j\u00e0 exp\u00e9riment\u00e9.e, vous serez le.la bienvenu.e.<\/p>\n<p>Afin de pouvoir pr\u00e9server un bon \u00e9quilibre entre vie priv\u00e9e et vie professionnelle, nous sommes \u00e9quip\u00e9s pour du t\u00e9l\u00e9travail et b\u00e9n\u00e9ficions de charges modestes, de l\u2019ordre de CHF 2000.- par mois (incluant loyer, t\u00e9l\u00e9phone, internet, m\u00e9nage, fournitures de base, impressions et assurances diverses) ; chaque associ\u00e9.e.s assumant directement son secr\u00e9tariat.<\/p>\n<p>Nous esp\u00e9rons avoir suscit\u00e9 votre int\u00e9r\u00eat et nous nous r\u00e9jouissons de votre prochain contact, qui sera trait\u00e9 avec la plus grande confidentialit\u00e9. Naturellement, nous restons \u00e0 votre disposition pour r\u00e9pondre \u00e0 toute question.<\/p>\n<p>Lise-Marie Gonzalez Pennec (<a href=\"mailto:gonzalez.pennec@ipfa.ch\">gonzalez.pennec@ipfa.ch<\/a>), Nicole Wiebach (<a href=\"mailto:wiebach@ipfa.ch\">wiebach@ipfa.ch<\/a>), Ma\u00eblle Le Boudec (<a href=\"mailto:leboudec@ipfa.ch\">leboudec@ipfa.ch<\/a>) \/ 021\/921.21.91.<\/p>\n<p>[\/et_pb_text][\/et_pb_column][\/et_pb_row][\/et_pb_section][et_pb_section fb_built=\u00a0\u00bb1&Prime; theme_builder_area=\u00a0\u00bbpost_content\u00a0\u00bb _builder_version=\u00a0\u00bb4.27.4&Prime; _module_preset=\u00a0\u00bbdefault\u00a0\u00bb][et_pb_row _builder_version=\u00a0\u00bb4.27.4&Prime; _module_preset=\u00a0\u00bbdefault\u00a0\u00bb theme_builder_area=\u00a0\u00bbpost_content\u00a0\u00bb][et_pb_column _builder_version=\u00a0\u00bb4.27.4&Prime; _module_preset=\u00a0\u00bbdefault\u00a0\u00bb theme_builder_area=\u00a0\u00bbpost_content\u00a0\u00bb type=\u00a0\u00bb4_4&Prime;][\/et_pb_column][\/et_pb_row][\/et_pb_section]<\/p>\n","protected":false},"excerpt":{"rendered":"<p>ordre des avocats valaisansOffres d&#8217;emploi et de stagesJuriste Unia publi\u00e9 en avril 2025Greffier Commune &#8211; Grimisuat publi\u00e9 le 19.12.2024 Le Juge de Commune de Grimisuat recherche un greffier juriste pour les 4 prochaines ann\u00e9es. Les personnes int\u00e9ress\u00e9es peuvent prendre contact avec Pierre Luyet pluyet@bluewin.chPlace d&rsquo;associ\u00e9(e) IPSOfacto avocats associ\u00e9s &#8211; Vevey publi\u00e9 le 19.12.2024Ch\u00e8re Cons\u0153ur, Cher [&hellip;]<\/p>\n","protected":false},"author":1,"featured_media":0,"parent":0,"menu_order":80,"comment_status":"closed","ping_status":"closed","template":"","meta":{"_et_pb_use_builder":"on","_et_pb_old_content":"<!-- wp:divi\/placeholder \/-->","_et_gb_content_width":"","footnotes":""},"class_list":["post-8869","page","type-page","status-publish","hentry"],"_links":{"self":[{"href":"https:\/\/oavs.ch\/de\/wp-json\/wp\/v2\/pages\/8869","targetHints":{"allow":["GET"]}}],"collection":[{"href":"https:\/\/oavs.ch\/de\/wp-json\/wp\/v2\/pages"}],"about":[{"href":"https:\/\/oavs.ch\/de\/wp-json\/wp\/v2\/types\/page"}],"author":[{"embeddable":true,"href":"https:\/\/oavs.ch\/de\/wp-json\/wp\/v2\/users\/1"}],"replies":[{"embeddable":true,"href":"https:\/\/oavs.ch\/de\/wp-json\/wp\/v2\/comments?post=8869"}],"version-history":[{"count":3,"href":"https:\/\/oavs.ch\/de\/wp-json\/wp\/v2\/pages\/8869\/revisions"}],"predecessor-version":[{"id":8892,"href":"https:\/\/oavs.ch\/de\/wp-json\/wp\/v2\/pages\/8869\/revisions\/8892"}],"wp:attachment":[{"href":"https:\/\/oavs.ch\/de\/wp-json\/wp\/v2\/media?parent=8869"}],"curies":[{"name":"wp","href":"https:\/\/api.w.org\/{rel}","templated":true}]}}