{"id":8435,"date":"2023-04-25T16:42:59","date_gmt":"2023-04-25T14:42:59","guid":{"rendered":"https:\/\/oavs.provisoire.ch\/?page_id=8435"},"modified":"2024-11-21T06:54:31","modified_gmt":"2024-11-21T05:54:31","slug":"docs","status":"publish","type":"page","link":"https:\/\/oavs.ch\/de\/docs\/","title":{"rendered":"Dokumente"},"content":{"rendered":"<p>[et_pb_section fb_built=\u00a0\u00bb1&Prime; _builder_version=\u00a0\u00bb4.16&Prime; use_background_color_gradient=\u00a0\u00bbon\u00a0\u00bb background_color_gradient_direction=\u00a0\u00bb90deg\u00a0\u00bb background_color_gradient_stops=\u00a0\u00bbrgba(0,0,0,0.6) 0%|rgba(0,0,0,0.6) 100%\u00a0\u00bb background_color_gradient_overlays_image=\u00a0\u00bbon\u00a0\u00bb background_color_gradient_start=\u00a0\u00bbrgba(0,0,0,0.6)\u00a0\u00bb background_color_gradient_end=\u00a0\u00bbrgba(0,0,0,0.6)\u00a0\u00bb background_image=\u00a0\u00bbhttps:\/\/oavs.ch\/wp-content\/uploads\/2023\/04\/court.jpg\u00a0\u00bb custom_padding=\u00a0\u00bb0px||0px||true|false\u00a0\u00bb global_colors_info=\u00a0\u00bb{}\u00a0\u00bb][et_pb_row _builder_version=\u00a0\u00bb4.16&Prime; custom_padding=\u00a0\u00bb75px||75px||true|false\u00a0\u00bb animation_style=\u00a0\u00bbslide\u00a0\u00bb animation_direction=\u00a0\u00bbbottom\u00a0\u00bb animation_duration=\u00a0\u00bb2000ms\u00a0\u00bb animation_intensity_slide=\u00a0\u00bb8%\u00a0\u00bb global_colors_info=\u00a0\u00bb{}\u00a0\u00bb][et_pb_column type=\u00a0\u00bb4_4&Prime; _builder_version=\u00a0\u00bb4.16&Prime; animation_direction=\u00a0\u00bbleft\u00a0\u00bb global_colors_info=\u00a0\u00bb{}\u00a0\u00bb][et_pb_text _builder_version=\u00a0\u00bb4.20.2&Prime; text_font=\u00a0\u00bb|700||on|||||\u00a0\u00bb text_text_color=\u00a0\u00bb#06315B\u00a0\u00bb text_font_size=\u00a0\u00bb12px\u00a0\u00bb text_letter_spacing=\u00a0\u00bb4px\u00a0\u00bb background_color=\u00a0\u00bb#b2b2b2&Prime; custom_margin=\u00a0\u00bb|auto|0px|auto|false|false\u00a0\u00bb custom_padding=\u00a0\u00bb3px|15px|1px|15px|false|true\u00a0\u00bb text_orientation_tablet=\u00a0\u00bb\u00a0\u00bb text_orientation_phone=\u00a0\u00bbcenter\u00a0\u00bb text_orientation_last_edited=\u00a0\u00bbon|phone\u00a0\u00bb custom_css_main_element=\u00a0\u00bbwidth: fit-content;\u00a0\u00bb global_colors_info=\u00a0\u00bb{}\u00a0\u00bb]<\/p>\n<p>ordre des avocats valaisans<\/p>\n<p>[\/et_pb_text][et_pb_text _builder_version=\u00a0\u00bb4.20.2&Prime; header_font=\u00a0\u00bb|700|||||||\u00a0\u00bb header_text_align=\u00a0\u00bbcenter\u00a0\u00bb header_text_color=\u00a0\u00bb#FFFFFF\u00a0\u00bb header_font_size=\u00a0\u00bb60px\u00a0\u00bb header_font_size_tablet=\u00a0\u00bb60px\u00a0\u00bb header_font_size_phone=\u00a0\u00bb55px\u00a0\u00bb header_font_size_last_edited=\u00a0\u00bbon|phone\u00a0\u00bb global_colors_info=\u00a0\u00bb{}\u00a0\u00bb]<\/p>\n<h1>Documents<\/h1>\n<p>[\/et_pb_text][\/et_pb_column][\/et_pb_row][\/et_pb_section][et_pb_section fb_built=\u00a0\u00bb1&Prime; module_id=\u00a0\u00bbstatus\u00a0\u00bb _builder_version=\u00a0\u00bb4.20.2&Prime; custom_padding=\u00a0\u00bb0px||0px||false|false\u00a0\u00bb global_colors_info=\u00a0\u00bb{}\u00a0\u00bb][et_pb_row column_structure=\u00a0\u00bb1_2,1_2&Prime; make_equal=\u00a0\u00bbon\u00a0\u00bb custom_padding_last_edited=\u00a0\u00bbon|phone\u00a0\u00bb _builder_version=\u00a0\u00bb4.25.0&Prime; custom_padding=\u00a0\u00bb75px||75px||false|false\u00a0\u00bb custom_padding_tablet=\u00a0\u00bb\u00a0\u00bb custom_padding_phone=\u00a0\u00bb||75px||false|false\u00a0\u00bb border_width_bottom=\u00a0\u00bb1px\u00a0\u00bb border_color_bottom=\u00a0\u00bb#06315B\u00a0\u00bb global_colors_info=\u00a0\u00bb{}\u00a0\u00bb][et_pb_column type=\u00a0\u00bb1_2&Prime; _builder_version=\u00a0\u00bb4.25.0&Prime; background_image=\u00a0\u00bbhttps:\/\/oavs.ch\/wp-content\/uploads\/2024\/04\/TC-scaled.jpg\u00a0\u00bb background_position=\u00a0\u00bbbottom_center\u00a0\u00bb global_colors_info=\u00a0\u00bb{}\u00a0\u00bb][et_pb_divider show_divider=\u00a0\u00bboff\u00a0\u00bb _builder_version=\u00a0\u00bb4.16&Prime; custom_padding_tablet=\u00a0\u00bb125px||125px||true|false\u00a0\u00bb custom_padding_phone=\u00a0\u00bb\u00a0\u00bb custom_padding_last_edited=\u00a0\u00bbon|phone\u00a0\u00bb global_colors_info=\u00a0\u00bb{}\u00a0\u00bb][\/et_pb_divider][\/et_pb_column][et_pb_column type=\u00a0\u00bb1_2&Prime; _builder_version=\u00a0\u00bb4.16&Prime; global_colors_info=\u00a0\u00bb{}\u00a0\u00bb][et_pb_text _builder_version=\u00a0\u00bb4.20.2&Prime; header_2_font_size=\u00a0\u00bb48px\u00a0\u00bb global_colors_info=\u00a0\u00bb{}\u00a0\u00bb]<\/p>\n<h2>Status et r\u00e8gles internes<\/h2>\n<p>[\/et_pb_text][et_pb_text _builder_version=\u00a0\u00bb4.27.3&Prime; custom_margin=\u00a0\u00bb||20px||false|false\u00a0\u00bb hover_enabled=\u00a0\u00bb0&Prime; global_colors_info=\u00a0\u00bb{}\u00a0\u00bb sticky_enabled=\u00a0\u00bb0&Prime;]<\/p>\n<ul>\n<li><a href=\"\/wp-content\/uploads\/2024\/11\/STATUTS-OAV_FR_sign.pdf\" target=\"_blank\" rel=\"noopener\">Statuts de l&rsquo;Ordre des avocats valaisans<\/a><\/li>\n<li><a href=\"https:\/\/www.sav-fsa.ch\/documents\/672183\/1748990\/Code_suisse_de_d%C3%A9ontologie_1.7.23.pdf\/fdaae7ba-ee63-be2f-826f-f5eb0ce6468d?t=1688118141708\" target=\"_blank\" rel=\"noopener noreferrer\">Code suisse de d\u00e9ontologie<\/a><\/li>\n<li><a href=\"\/wp-content\/uploads\/2024\/04\/UsCoutumes.pdf\" target=\"_blank\" rel=\"noopener noreferrer\">Les us et coutumes<\/a><\/li>\n<\/ul>\n<p>[\/et_pb_text][\/et_pb_column][\/et_pb_row][\/et_pb_section][et_pb_section fb_built=\u00a0\u00bb1&Prime; module_id=\u00a0\u00bbtxt\u00a0\u00bb _builder_version=\u00a0\u00bb4.20.2&Prime; custom_padding=\u00a0\u00bb||0px||false|false\u00a0\u00bb locked=\u00a0\u00bboff\u00a0\u00bb global_colors_info=\u00a0\u00bb{}\u00a0\u00bb][et_pb_row column_structure=\u00a0\u00bb1_2,1_2&Prime; make_equal=\u00a0\u00bbon\u00a0\u00bb custom_padding_last_edited=\u00a0\u00bbon|phone\u00a0\u00bb _builder_version=\u00a0\u00bb4.25.0&Prime; custom_padding=\u00a0\u00bb25px||75px||false|false\u00a0\u00bb custom_padding_tablet=\u00a0\u00bb\u00a0\u00bb custom_padding_phone=\u00a0\u00bb||75px||false|false\u00a0\u00bb border_width_bottom=\u00a0\u00bb1px\u00a0\u00bb border_color_bottom=\u00a0\u00bb#06315B\u00a0\u00bb global_colors_info=\u00a0\u00bb{}\u00a0\u00bb][et_pb_column type=\u00a0\u00bb1_2&Prime; _builder_version=\u00a0\u00bb4.25.0&Prime; background_image=\u00a0\u00bbhttps:\/\/oavs.ch\/wp-content\/uploads\/2024\/04\/Parlement-scaled.jpg\u00a0\u00bb global_colors_info=\u00a0\u00bb{}\u00a0\u00bb][et_pb_divider show_divider=\u00a0\u00bboff\u00a0\u00bb _builder_version=\u00a0\u00bb4.16&Prime; custom_padding_tablet=\u00a0\u00bb125px||125px||true|false\u00a0\u00bb custom_padding_phone=\u00a0\u00bb\u00a0\u00bb custom_padding_last_edited=\u00a0\u00bbon|phone\u00a0\u00bb global_colors_info=\u00a0\u00bb{}\u00a0\u00bb][\/et_pb_divider][\/et_pb_column][et_pb_column type=\u00a0\u00bb1_2&Prime; _builder_version=\u00a0\u00bb4.16&Prime; global_colors_info=\u00a0\u00bb{}\u00a0\u00bb][et_pb_text _builder_version=\u00a0\u00bb4.20.2&Prime; header_2_font_size=\u00a0\u00bb48px\u00a0\u00bb global_colors_info=\u00a0\u00bb{}\u00a0\u00bb]<\/p>\n<h2>Textes l\u00e9gislatifs<\/h2>\n<p>[\/et_pb_text][et_pb_text _builder_version=\u00a0\u00bb4.25.1&Prime; custom_margin=\u00a0\u00bb||20px||false|false\u00a0\u00bb global_colors_info=\u00a0\u00bb{}\u00a0\u00bb]<\/p>\n<ul>\n<li><a href=\"https:\/\/www.fedlex.admin.ch\/eli\/cc\/2002\/153\/fr\" target=\"_blank\" rel=\"noopener\">Loi sur la libre circulation des avocats (LLCA)<\/a><\/li>\n<li><a href=\"https:\/\/lex.vs.ch\/app\/fr\/texts_of_law\/177.1\/versions\/3009\" target=\"_blank\" rel=\"noopener\">Loi sur la profession d&rsquo;avocat (LPAv)<\/a><\/li>\n<li><a href=\"https:\/\/lex.vs.ch\/app\/fr\/texts_of_law\/177.7\/versions\/1672\" target=\"_blank\" rel=\"noopener\">Loi sur l&rsquo;assistance judiciaire (LAJ)<\/a><\/li>\n<li><a href=\"https:\/\/lex.vs.ch\/app\/fr\/texts_of_law\/177.700\/versions\/3218\" target=\"_blank\" rel=\"noopener\">Ordonnance sur l&rsquo;assistance judiciaire (OAJ)<\/a><\/li>\n<li><a href=\"https:\/\/lex.vs.ch\/app\/fr\/texts_of_law\/173.8\/versions\/3205\" target=\"_blank\" rel=\"noopener\">Loi fixant le tarif des frais et d\u00e9pens devant les autorit\u00e9s judiciaires et administratives (LTar)<\/a><\/li>\n<\/ul>\n<p>[\/et_pb_text][\/et_pb_column][\/et_pb_row][\/et_pb_section][et_pb_section fb_built=\u00a0\u00bb1&Prime; module_id=\u00a0\u00bbconsensus\u00a0\u00bb _builder_version=\u00a0\u00bb4.20.2&Prime; custom_padding=\u00a0\u00bb||0px||false|false\u00a0\u00bb locked=\u00a0\u00bboff\u00a0\u00bb global_colors_info=\u00a0\u00bb{}\u00a0\u00bb][et_pb_row column_structure=\u00a0\u00bb1_2,1_2&Prime; make_equal=\u00a0\u00bbon\u00a0\u00bb custom_padding_last_edited=\u00a0\u00bbon|phone\u00a0\u00bb _builder_version=\u00a0\u00bb4.20.2&Prime; custom_padding=\u00a0\u00bb25px||75px||false|false\u00a0\u00bb custom_padding_tablet=\u00a0\u00bb\u00a0\u00bb custom_padding_phone=\u00a0\u00bb||75px||false|false\u00a0\u00bb border_width_bottom=\u00a0\u00bb1px\u00a0\u00bb border_color_bottom=\u00a0\u00bb#06315B\u00a0\u00bb global_colors_info=\u00a0\u00bb{}\u00a0\u00bb][et_pb_column type=\u00a0\u00bb1_2&Prime; _builder_version=\u00a0\u00bb4.20.2&Prime; background_image=\u00a0\u00bbhttps:\/\/oavs.ch\/wp-content\/uploads\/2023\/04\/eric-ward-7KQe_8Meex8-unsplash-scaled.jpg\u00a0\u00bb global_colors_info=\u00a0\u00bb{}\u00a0\u00bb][et_pb_divider show_divider=\u00a0\u00bboff\u00a0\u00bb _builder_version=\u00a0\u00bb4.16&Prime; custom_padding_tablet=\u00a0\u00bb125px||125px||true|false\u00a0\u00bb custom_padding_phone=\u00a0\u00bb\u00a0\u00bb custom_padding_last_edited=\u00a0\u00bbon|phone\u00a0\u00bb global_colors_info=\u00a0\u00bb{}\u00a0\u00bb][\/et_pb_divider][\/et_pb_column][et_pb_column type=\u00a0\u00bb1_2&Prime; _builder_version=\u00a0\u00bb4.16&Prime; global_colors_info=\u00a0\u00bb{}\u00a0\u00bb][et_pb_text _builder_version=\u00a0\u00bb4.20.2&Prime; header_2_font_size=\u00a0\u00bb48px\u00a0\u00bb global_colors_info=\u00a0\u00bb{}\u00a0\u00bb]<\/p>\n<h2>Consensus parental<\/h2>\n<p class=\"sppb-addon-title\">Information et sensibilisation pour les parents qui se s\u00e9parent ou divorcent<\/p>\n<p>[\/et_pb_text][et_pb_text _builder_version=\u00a0\u00bb4.27.0&Prime; custom_margin=\u00a0\u00bb||20px||false|false\u00a0\u00bb global_colors_info=\u00a0\u00bb{}\u00a0\u00bb]<\/p>\n<ul>\n<li><a href=\"https:\/\/www.famille-vs.ch\/fr\/plateforme-cantonale-valaisanne-pour-la-famille\/consensus-parental-lors-de-separation\/projet-pilote-dans-le-bas-valais-551\/\" target=\"_blank\" rel=\"noopener\">Consensus parental<\/a><a href=\"\/wp-content\/uploads\/2024\/04\/formulaire.pdf\" target=\"_blank\" rel=\"noopener\"><span><\/span><\/a><\/li>\n<li><a href=\"https:\/\/www.famille-vs.ch\/fr\/plateforme-cantonale-valaisanne-pour-la-famille\/consensus-parental-lors-de-separation\/ordre-des-avocat-e-s-563\/\" target=\"_blank\" rel=\"noopener\">Plateforme cantonale (FR)<\/a><span>\u00a0<\/span>|<span>\u00a0<\/span><a href=\"https:\/\/www.familie-vs.ch\/de\/kantonale-walliser-plattform\/ordre-des-avocats-664\/\" target=\"_blank\" rel=\"noopener\">Kantonale Plattform (DE)<\/a><\/li>\n<li><a href=\"https:\/\/oavs.ch\/wp-content\/uploads\/2024\/04\/DemandeAlimentaire.docx\" target=\"_blank\" rel=\"noopener noreferrer\">Demande d\u2019action alimentaire<\/a><\/li>\n<li><a href=\"https:\/\/oavs.ch\/wp-content\/uploads\/2024\/04\/ReponseAlimentaire.docx\" target=\"_blank\" rel=\"noopener noreferrer\">R\u00e9ponse d\u2019action alimentaire<\/a><\/li>\n<li><a href=\"https:\/\/oavs.ch\/wp-content\/uploads\/2024\/04\/DemandeAPEA.docx\" target=\"_blank\" rel=\"noopener noreferrer\">Demande APEA<\/a><\/li>\n<li><a href=\"https:\/\/oavs.ch\/wp-content\/uploads\/2024\/04\/ReponseAPEA.docx\" target=\"_blank\" rel=\"noopener noreferrer\">R\u00e9ponse APEA<\/a><\/li>\n<li><a href=\"https:\/\/oavs.ch\/wp-content\/uploads\/2024\/04\/DemandeDivorce.docx\" target=\"_blank\" rel=\"noopener noreferrer\">Demande de divorce<\/a><\/li>\n<li><a href=\"https:\/\/oavs.ch\/wp-content\/uploads\/2024\/04\/ReponseDivorce.docx\" target=\"_blank\" rel=\"noopener noreferrer\">R\u00e9ponse de divorce<\/a><\/li>\n<li><a href=\"https:\/\/oavs.ch\/wp-content\/uploads\/2024\/04\/DemandeMPUC.docx\" target=\"_blank\" rel=\"noopener noreferrer\">Demande MPUC<\/a><\/li>\n<li><a href=\"https:\/\/oavs.ch\/wp-content\/uploads\/2024\/04\/ReponseMPUC.docx\" target=\"_blank\" rel=\"noopener noreferrer\">R\u00e9ponse MPUC<\/a><\/li>\n<li><a href=\"https:\/\/oavs.ch\/wp-content\/uploads\/2024\/04\/DemandeModificationJugement.docx\" target=\"_blank\" rel=\"noopener noreferrer\">Demande de modification de jugement<\/a><\/li>\n<li><a href=\"https:\/\/oavs.ch\/wp-content\/uploads\/2024\/04\/ReponseModificationJugement.docx\" target=\"_blank\" rel=\"noopener noreferrer\">Reponse de modification de jugement<\/a><\/li>\n<li><a href=\"https:\/\/oavs.ch\/wp-content\/uploads\/2024\/04\/DemandeModificationJugement-NonMarie.docx\" target=\"_blank\" rel=\"noopener noreferrer\">Demande de modification de jugement \u2013 Non mari\u00e9<\/a><\/li>\n<\/ul>\n<ul><\/ul>\n<p>[\/et_pb_text][\/et_pb_column][\/et_pb_row][\/et_pb_section]<\/p>\n","protected":false},"excerpt":{"rendered":"<p>ordre des avocats valaisansDocumentsStatus et r\u00e8gles internes Statuts de l&rsquo;Ordre des avocats valaisans Code suisse de d\u00e9ontologie Les us et coutumes Textes l\u00e9gislatifs Loi sur la libre circulation des avocats (LLCA) Loi sur la profession d&rsquo;avocat (LPAv) Loi sur l&rsquo;assistance judiciaire (LAJ) Ordonnance sur l&rsquo;assistance judiciaire (OAJ) Loi fixant le tarif des frais et d\u00e9pens [&hellip;]<\/p>\n","protected":false},"author":1,"featured_media":0,"parent":0,"menu_order":40,"comment_status":"closed","ping_status":"closed","template":"","meta":{"_et_pb_use_builder":"on","_et_pb_old_content":"<!-- wp:divi\/placeholder \/-->","_et_gb_content_width":"","footnotes":""},"class_list":["post-8435","page","type-page","status-publish","hentry"],"_links":{"self":[{"href":"https:\/\/oavs.ch\/de\/wp-json\/wp\/v2\/pages\/8435","targetHints":{"allow":["GET"]}}],"collection":[{"href":"https:\/\/oavs.ch\/de\/wp-json\/wp\/v2\/pages"}],"about":[{"href":"https:\/\/oavs.ch\/de\/wp-json\/wp\/v2\/types\/page"}],"author":[{"embeddable":true,"href":"https:\/\/oavs.ch\/de\/wp-json\/wp\/v2\/users\/1"}],"replies":[{"embeddable":true,"href":"https:\/\/oavs.ch\/de\/wp-json\/wp\/v2\/comments?post=8435"}],"version-history":[{"count":20,"href":"https:\/\/oavs.ch\/de\/wp-json\/wp\/v2\/pages\/8435\/revisions"}],"predecessor-version":[{"id":8860,"href":"https:\/\/oavs.ch\/de\/wp-json\/wp\/v2\/pages\/8435\/revisions\/8860"}],"wp:attachment":[{"href":"https:\/\/oavs.ch\/de\/wp-json\/wp\/v2\/media?parent=8435"}],"curies":[{"name":"wp","href":"https:\/\/api.w.org\/{rel}","templated":true}]}}