{"id":8433,"date":"2023-04-25T16:42:27","date_gmt":"2023-04-25T14:42:27","guid":{"rendered":"https:\/\/oavs.provisoire.ch\/?page_id=8433"},"modified":"2024-05-30T10:59:05","modified_gmt":"2024-05-30T08:59:05","slug":"avocat","status":"publish","type":"page","link":"https:\/\/oavs.ch\/de\/avocat\/","title":{"rendered":"Der Anwalt"},"content":{"rendered":"<p>[et_pb_section fb_built=\u00a0\u00bb1&Prime; _builder_version=\u00a0\u00bb4.16&Prime; use_background_color_gradient=\u00a0\u00bbon\u00a0\u00bb background_color_gradient_direction=\u00a0\u00bb90deg\u00a0\u00bb background_color_gradient_stops=\u00a0\u00bbrgba(0,0,0,0.6) 0%|rgba(0,0,0,0.6) 100%\u00a0\u00bb background_color_gradient_overlays_image=\u00a0\u00bbon\u00a0\u00bb background_color_gradient_start=\u00a0\u00bbrgba(0,0,0,0.6)\u00a0\u00bb background_color_gradient_end=\u00a0\u00bbrgba(0,0,0,0.6)\u00a0\u00bb background_image=\u00a0\u00bbhttps:\/\/oavs.ch\/wp-content\/uploads\/2023\/04\/court.jpg\u00a0\u00bb custom_padding=\u00a0\u00bb0px||0px||true|false\u00a0\u00bb global_colors_info=\u00a0\u00bb{}\u00a0\u00bb][et_pb_row _builder_version=\u00a0\u00bb4.16&Prime; custom_padding=\u00a0\u00bb75px||75px||true|false\u00a0\u00bb animation_style=\u00a0\u00bbslide\u00a0\u00bb animation_direction=\u00a0\u00bbbottom\u00a0\u00bb animation_duration=\u00a0\u00bb2000ms\u00a0\u00bb animation_intensity_slide=\u00a0\u00bb8%\u00a0\u00bb global_colors_info=\u00a0\u00bb{}\u00a0\u00bb][et_pb_column type=\u00a0\u00bb4_4&Prime; _builder_version=\u00a0\u00bb4.16&Prime; animation_direction=\u00a0\u00bbleft\u00a0\u00bb global_colors_info=\u00a0\u00bb{}\u00a0\u00bb][et_pb_text _builder_version=\u00a0\u00bb4.20.2&Prime; text_font=\u00a0\u00bb|700||on|||||\u00a0\u00bb text_text_color=\u00a0\u00bb#06315B\u00a0\u00bb text_font_size=\u00a0\u00bb12px\u00a0\u00bb text_letter_spacing=\u00a0\u00bb4px\u00a0\u00bb background_color=\u00a0\u00bb#b2b2b2&Prime; custom_margin=\u00a0\u00bb|auto|0px|auto|false|false\u00a0\u00bb custom_padding=\u00a0\u00bb3px|15px|1px|15px|false|true\u00a0\u00bb text_orientation_tablet=\u00a0\u00bb\u00a0\u00bb text_orientation_phone=\u00a0\u00bbcenter\u00a0\u00bb text_orientation_last_edited=\u00a0\u00bbon|phone\u00a0\u00bb custom_css_main_element=\u00a0\u00bbwidth: fit-content;\u00a0\u00bb global_colors_info=\u00a0\u00bb{}\u00a0\u00bb]<\/p>\n<p>ordre des avocats valaisans<\/p>\n<p>[\/et_pb_text][et_pb_text _builder_version=\u00a0\u00bb4.20.2&Prime; header_font=\u00a0\u00bb|700|||||||\u00a0\u00bb header_text_align=\u00a0\u00bbcenter\u00a0\u00bb header_text_color=\u00a0\u00bb#FFFFFF\u00a0\u00bb header_font_size=\u00a0\u00bb60px\u00a0\u00bb global_colors_info=\u00a0\u00bb{}\u00a0\u00bb]<\/p>\n<h1>L&rsquo;avocat<\/h1>\n<p>[\/et_pb_text][\/et_pb_column][\/et_pb_row][\/et_pb_section][et_pb_section fb_built=\u00a0\u00bb1&Prime; module_id=\u00a0\u00bbformation\u00a0\u00bb _builder_version=\u00a0\u00bb4.20.2&Prime; global_colors_info=\u00a0\u00bb{}\u00a0\u00bb][et_pb_row column_structure=\u00a0\u00bb1_2,1_2&Prime; make_equal=\u00a0\u00bbon\u00a0\u00bb _builder_version=\u00a0\u00bb4.25.0&Prime; custom_padding=\u00a0\u00bb||75px||false|false\u00a0\u00bb border_width_bottom=\u00a0\u00bb1px\u00a0\u00bb border_color_bottom=\u00a0\u00bb#06315B\u00a0\u00bb global_colors_info=\u00a0\u00bb{}\u00a0\u00bb][et_pb_column type=\u00a0\u00bb1_2&Prime; _builder_version=\u00a0\u00bb4.25.0&Prime; background_image=\u00a0\u00bbhttps:\/\/oavs.ch\/wp-content\/uploads\/2024\/04\/Vitrail-Martigny-scaled.jpg\u00a0\u00bb global_colors_info=\u00a0\u00bb{}\u00a0\u00bb][et_pb_divider show_divider=\u00a0\u00bboff\u00a0\u00bb _builder_version=\u00a0\u00bb4.16&Prime; custom_padding_tablet=\u00a0\u00bb125px||125px||true|false\u00a0\u00bb custom_padding_phone=\u00a0\u00bb\u00a0\u00bb custom_padding_last_edited=\u00a0\u00bbon|phone\u00a0\u00bb global_colors_info=\u00a0\u00bb{}\u00a0\u00bb][\/et_pb_divider][\/et_pb_column][et_pb_column type=\u00a0\u00bb1_2&Prime; _builder_version=\u00a0\u00bb4.16&Prime; global_colors_info=\u00a0\u00bb{}\u00a0\u00bb][et_pb_text _builder_version=\u00a0\u00bb4.20.2&Prime; header_2_font_size=\u00a0\u00bb48px\u00a0\u00bb global_colors_info=\u00a0\u00bb{}\u00a0\u00bb]<\/p>\n<h2>La formation de l&rsquo;avocat<\/h2>\n<p>[\/et_pb_text][et_pb_text _builder_version=\u00a0\u00bb4.24.1&Prime; custom_margin=\u00a0\u00bb||20px||false|false\u00a0\u00bb global_colors_info=\u00a0\u00bb{}\u00a0\u00bb]<\/p>\n<p class=\"sppb-addon-title\"><span style=\"font-size: 16px;\">Pour \u00eatre inscrit au registre, l&rsquo;avocat doit \u00eatre titulaire du brevet d&rsquo;avocat. Ce sont les cantons qui d\u00e9livrent ce brevet mais la loi f\u00e9d\u00e9rale sur la libre circulation des avocats impose la formation minimum suivante :<\/span><\/p>\n<div class=\"sppb-addon-content\">\n<ul>\n<li>des \u00e9tudes de droit sanctionn\u00e9es par une licence ou un master d\u00e9livr\u00e9s par une universit\u00e9 suisse (ou un dipl\u00f4me \u00e9quivalent d\u00e9livr\u00e9 par une universit\u00e9 d&rsquo;un Etat qui a conclu avec la Suisse un accord de reconnaissance mutuelle des dipl\u00f4mes);<\/li>\n<li>un stage d&rsquo;une dur\u00e9e d&rsquo;au moins 18 mois dont un an effectu\u00e9 dans une \u00e9tude d&rsquo;avocat du canton.<\/li>\n<li>\u00e0 l&rsquo;issue du stage, des examens portant sur les connaissances juridiques th\u00e9oriques et pratiques.<\/li>\n<\/ul>\n<\/div>\n<p>[\/et_pb_text][\/et_pb_column][\/et_pb_row][\/et_pb_section][et_pb_section fb_built=\u00a0\u00bb1&Prime; module_id=\u00a0\u00bbhonoraires\u00a0\u00bb _builder_version=\u00a0\u00bb4.20.2&Prime; custom_padding=\u00a0\u00bb0px||0px||false|false\u00a0\u00bb locked=\u00a0\u00bboff\u00a0\u00bb global_colors_info=\u00a0\u00bb{}\u00a0\u00bb][et_pb_row column_structure=\u00a0\u00bb1_2,1_2&Prime; make_equal=\u00a0\u00bbon\u00a0\u00bb custom_padding_last_edited=\u00a0\u00bbon|phone\u00a0\u00bb _builder_version=\u00a0\u00bb4.25.1&Prime; custom_padding=\u00a0\u00bb25px||75px||false|false\u00a0\u00bb custom_padding_tablet=\u00a0\u00bb\u00a0\u00bb custom_padding_phone=\u00a0\u00bb||75px||false|false\u00a0\u00bb hover_enabled=\u00a0\u00bb0&Prime; border_width_bottom=\u00a0\u00bb1px\u00a0\u00bb border_color_bottom=\u00a0\u00bb#06315B\u00a0\u00bb global_colors_info=\u00a0\u00bb{}\u00a0\u00bb sticky_enabled=\u00a0\u00bb0&Prime;][et_pb_column type=\u00a0\u00bb1_2&Prime; _builder_version=\u00a0\u00bb4.25.1&Prime; background_image=\u00a0\u00bbhttp:\/\/oavs.ch\/wp-content\/uploads\/2024\/05\/tribunal-monthey.jpg\u00a0\u00bb hover_enabled=\u00a0\u00bb0&Prime; global_colors_info=\u00a0\u00bb{}\u00a0\u00bb title_text=\u00a0\u00bbtribunal monthey\u00a0\u00bb sticky_enabled=\u00a0\u00bb0&Prime;][et_pb_divider show_divider=\u00a0\u00bboff\u00a0\u00bb _builder_version=\u00a0\u00bb4.16&Prime; custom_padding_tablet=\u00a0\u00bb125px||125px||true|false\u00a0\u00bb custom_padding_phone=\u00a0\u00bb\u00a0\u00bb custom_padding_last_edited=\u00a0\u00bbon|phone\u00a0\u00bb global_colors_info=\u00a0\u00bb{}\u00a0\u00bb][\/et_pb_divider][\/et_pb_column][et_pb_column type=\u00a0\u00bb1_2&Prime; _builder_version=\u00a0\u00bb4.16&Prime; global_colors_info=\u00a0\u00bb{}\u00a0\u00bb][et_pb_text _builder_version=\u00a0\u00bb4.20.2&Prime; header_2_font_size=\u00a0\u00bb48px\u00a0\u00bb global_colors_info=\u00a0\u00bb{}\u00a0\u00bb]<\/p>\n<h2>Honoraires<\/h2>\n<p>[\/et_pb_text][et_pb_text _builder_version=\u00a0\u00bb4.24.1&Prime; custom_margin=\u00a0\u00bb||20px||false|false\u00a0\u00bb global_colors_info=\u00a0\u00bb{}\u00a0\u00bb]<\/p>\n<p>Selon le Code suisse de d\u00e9ontologie et les us et coutumes, les honoraires se d\u00e9terminent selon les circonstances du cas d&rsquo;esp\u00e8ce, en tenant compte de la difficult\u00e9 et de l&rsquo;importance de l&rsquo;affaire, de l&rsquo;int\u00e9r\u00eat du client, de l&rsquo;exp\u00e9rience de l&rsquo;avocat, des usages en la mati\u00e8re et de l&rsquo;issue du litige.<\/p>\n<p>L&rsquo;avocat n&rsquo;est pas autoris\u00e9 \u00e0 conclure, avant la fin du litige, une convention de participation au gain du proc\u00e8s en guise d&rsquo;honoraires (<em>pactum de quota litis<\/em>). Il ne peut pas non plus \u00e0 renoncer \u00e0 tout honoraire en cas d&rsquo;issue d\u00e9favorable du proc\u00e8s. Il est en revanche admissible de convenir d&rsquo;une prime en cas de succ\u00e8s s&rsquo;ajoutant aux honoraires (<em>pactum de palmario<\/em>).<\/p>\n<p>Lors de la conclusion du mandat, le client est en droit de demander d&rsquo;\u00eatre inform\u00e9 sur le principe de fixation des honoraires. En principe, l&rsquo;avocat demande une provision \u00e0 son client pour ses honoraires.<\/p>\n<p>A certaines conditions, le justiciable dans le besoin peut b\u00e9n\u00e9ficier de l&rsquo;assistance judiciaire. Cette derni\u00e8re est remboursable aupr\u00e8s du canton en cas de retour \u00e0 meilleure fortune.<\/p>\n<p>[\/et_pb_text][\/et_pb_column][\/et_pb_row][\/et_pb_section][et_pb_section fb_built=\u00a0\u00bb1&Prime; module_id=\u00a0\u00bbrecherche\u00a0\u00bb _builder_version=\u00a0\u00bb4.25.0&Prime; custom_padding=\u00a0\u00bb||5px|||\u00a0\u00bb locked=\u00a0\u00bboff\u00a0\u00bb global_colors_info=\u00a0\u00bb{}\u00a0\u00bb][et_pb_row column_structure=\u00a0\u00bb1_2,1_2&Prime; make_equal=\u00a0\u00bbon\u00a0\u00bb _builder_version=\u00a0\u00bb4.25.0&Prime; custom_padding=\u00a0\u00bb||75px||false|false\u00a0\u00bb border_color_bottom=\u00a0\u00bb#06315B\u00a0\u00bb global_colors_info=\u00a0\u00bb{}\u00a0\u00bb][et_pb_column type=\u00a0\u00bb1_2&Prime; _builder_version=\u00a0\u00bb4.25.0&Prime; background_image=\u00a0\u00bbhttps:\/\/oavs.ch\/wp-content\/uploads\/2024\/04\/Loeche-scaled.jpg\u00a0\u00bb global_colors_info=\u00a0\u00bb{}\u00a0\u00bb][et_pb_divider show_divider=\u00a0\u00bboff\u00a0\u00bb _builder_version=\u00a0\u00bb4.16&Prime; custom_padding_tablet=\u00a0\u00bb125px||125px||true|false\u00a0\u00bb custom_padding_phone=\u00a0\u00bb\u00a0\u00bb custom_padding_last_edited=\u00a0\u00bbon|phone\u00a0\u00bb global_colors_info=\u00a0\u00bb{}\u00a0\u00bb][\/et_pb_divider][\/et_pb_column][et_pb_column type=\u00a0\u00bb1_2&Prime; _builder_version=\u00a0\u00bb4.16&Prime; global_colors_info=\u00a0\u00bb{}\u00a0\u00bb][et_pb_text _builder_version=\u00a0\u00bb4.20.2&Prime; header_2_font_size=\u00a0\u00bb48px\u00a0\u00bb global_colors_info=\u00a0\u00bb{}\u00a0\u00bb]<\/p>\n<h2>Recherche d&rsquo;un avocat<\/h2>\n<p>[\/et_pb_text][et_pb_text _builder_version=\u00a0\u00bb4.24.2&Prime; link_font=\u00a0\u00bb||||on||||\u00a0\u00bb link_text_color=\u00a0\u00bb#06315B\u00a0\u00bb custom_margin=\u00a0\u00bb||20px||false|false\u00a0\u00bb global_colors_info=\u00a0\u00bb{}\u00a0\u00bb]<\/p>\n<p>Acc\u00e9dez au module de recherche d&rsquo;un avocat membre de l&rsquo;Ordre en<span>\u00a0<\/span><a href=\"https:\/\/admin.webmembership.ch\/sav\/pages\/anwaltssuche\/anwaltssucheVerbandExtranet.jsf?lang=fr\" target=\"_blank\" rel=\"noopener\">cliquant ici<\/a>.<\/p>\n<p>Vous pouvez \u00e9galement consulter la liste des<span>\u00a0<\/span><a href=\"https:\/\/www.vs.ch\/web\/sjsj\/registre-avocats\" target=\"_blank\" rel=\"noopener noreferrer\">avocats inscrits au registre valaisan des avocats<\/a><span>\u00a0<\/span>sur le site web du Service juridique de la s\u00e9curit\u00e9 et de la justice de l&rsquo;Etat du Valais.<\/p>\n<p>[\/et_pb_text][\/et_pb_column][\/et_pb_row][\/et_pb_section]<\/p>\n","protected":false},"excerpt":{"rendered":"<p>ordre des avocats valaisansL&rsquo;avocatLa formation de l&rsquo;avocatPour \u00eatre inscrit au registre, l&rsquo;avocat doit \u00eatre titulaire du brevet d&rsquo;avocat. Ce sont les cantons qui d\u00e9livrent ce brevet mais la loi f\u00e9d\u00e9rale sur la libre circulation des avocats impose la formation minimum suivante : des \u00e9tudes de droit sanctionn\u00e9es par une licence ou un master d\u00e9livr\u00e9s par [&hellip;]<\/p>\n","protected":false},"author":1,"featured_media":0,"parent":0,"menu_order":30,"comment_status":"closed","ping_status":"closed","template":"","meta":{"_et_pb_use_builder":"on","_et_pb_old_content":"<!-- wp:divi\/placeholder \/-->","_et_gb_content_width":"","footnotes":""},"class_list":["post-8433","page","type-page","status-publish","hentry"],"_links":{"self":[{"href":"https:\/\/oavs.ch\/de\/wp-json\/wp\/v2\/pages\/8433","targetHints":{"allow":["GET"]}}],"collection":[{"href":"https:\/\/oavs.ch\/de\/wp-json\/wp\/v2\/pages"}],"about":[{"href":"https:\/\/oavs.ch\/de\/wp-json\/wp\/v2\/types\/page"}],"author":[{"embeddable":true,"href":"https:\/\/oavs.ch\/de\/wp-json\/wp\/v2\/users\/1"}],"replies":[{"embeddable":true,"href":"https:\/\/oavs.ch\/de\/wp-json\/wp\/v2\/comments?post=8433"}],"version-history":[{"count":17,"href":"https:\/\/oavs.ch\/de\/wp-json\/wp\/v2\/pages\/8433\/revisions"}],"predecessor-version":[{"id":8823,"href":"https:\/\/oavs.ch\/de\/wp-json\/wp\/v2\/pages\/8433\/revisions\/8823"}],"wp:attachment":[{"href":"https:\/\/oavs.ch\/de\/wp-json\/wp\/v2\/media?parent=8433"}],"curies":[{"name":"wp","href":"https:\/\/api.w.org\/{rel}","templated":true}]}}